{"id":5149,"date":"2023-12-22T21:14:06","date_gmt":"2023-12-22T20:14:06","guid":{"rendered":"https:\/\/neodatagroup.ai\/?page_id=5149"},"modified":"2025-03-03T09:43:16","modified_gmt":"2025-03-03T08:43:16","slug":"cookie-it","status":"publish","type":"page","link":"https:\/\/neodatagroup.ai\/it\/cookie-it\/","title":{"rendered":"Cookie Politcy &#8211; IT"},"content":{"rendered":"<div data-elementor-type=\"wp-page\" data-elementor-id=\"5149\" class=\"elementor elementor-5149\" data-elementor-post-type=\"page\">\n\t\t\t\t\t\t\t<div class=\"elementor-element elementor-element-c380bfc e-flex e-con-boxed e-con e-parent\" data-id=\"c380bfc\" data-element_type=\"container\" data-settings=\"{&quot;content_width&quot;:&quot;boxed&quot;}\" data-core-v316-plus=\"true\">\n\t\t\t\t\t<div class=\"e-con-inner\">\n\t\t<div class=\"elementor-element elementor-element-dd8ac77 e-con-full e-flex e-con e-child\" data-id=\"dd8ac77\" data-element_type=\"container\" data-settings=\"{&quot;content_width&quot;:&quot;full&quot;}\">\n\t\t\t\t<\/div>\n\t\t<div class=\"elementor-element elementor-element-d024cc3 e-con-full e-flex e-con e-child\" data-id=\"d024cc3\" data-element_type=\"container\" data-settings=\"{&quot;content_width&quot;:&quot;full&quot;}\">\n\t\t\t\t<\/div>\n\t\t<div class=\"elementor-element elementor-element-ff62191 e-con-full e-flex e-con e-child\" data-id=\"ff62191\" data-element_type=\"container\" data-settings=\"{&quot;content_width&quot;:&quot;full&quot;}\">\n\t\t\t\t<\/div>\n\t\t\t\t\t<\/div>\n\t\t\t\t<\/div>\n\t\t<div class=\"elementor-element elementor-element-05d6566 e-flex e-con-boxed e-con e-parent\" data-id=\"05d6566\" data-element_type=\"container\" data-settings=\"{&quot;content_width&quot;:&quot;boxed&quot;}\" data-core-v316-plus=\"true\">\n\t\t\t\t\t<div class=\"e-con-inner\">\n\t\t\t\t<div class=\"elementor-element elementor-element-8538c49 elementor-widget elementor-widget-spacer\" data-id=\"8538c49\" data-element_type=\"widget\" data-widget_type=\"spacer.default\">\n\t\t\t\t<div class=\"elementor-widget-container\">\n\t\t\t<style>\/*! elementor - v3.18.0 - 08-12-2023 *\/\n.elementor-column .elementor-spacer-inner{height:var(--spacer-size)}.e-con{--container-widget-width:100%}.e-con-inner>.elementor-widget-spacer,.e-con>.elementor-widget-spacer{width:var(--container-widget-width,var(--spacer-size));--align-self:var(--container-widget-align-self,initial);--flex-shrink:0}.e-con-inner>.elementor-widget-spacer>.elementor-widget-container,.e-con>.elementor-widget-spacer>.elementor-widget-container{height:100%;width:100%}.e-con-inner>.elementor-widget-spacer>.elementor-widget-container>.elementor-spacer,.e-con>.elementor-widget-spacer>.elementor-widget-container>.elementor-spacer{height:100%}.e-con-inner>.elementor-widget-spacer>.elementor-widget-container>.elementor-spacer>.elementor-spacer-inner,.e-con>.elementor-widget-spacer>.elementor-widget-container>.elementor-spacer>.elementor-spacer-inner{height:var(--container-widget-height,var(--spacer-size))}.e-con-inner>.elementor-widget-spacer.elementor-widget-empty,.e-con>.elementor-widget-spacer.elementor-widget-empty{position:relative;min-height:22px;min-width:22px}.e-con-inner>.elementor-widget-spacer.elementor-widget-empty .elementor-widget-empty-icon,.e-con>.elementor-widget-spacer.elementor-widget-empty .elementor-widget-empty-icon{position:absolute;top:0;bottom:0;left:0;right:0;margin:auto;padding:0;width:22px;height:22px}<\/style>\t\t<div class=\"elementor-spacer\">\n\t\t\t<div class=\"elementor-spacer-inner\"><\/div>\n\t\t<\/div>\n\t\t\t\t<\/div>\n\t\t\t\t<\/div>\n\t\t\t\t\t<\/div>\n\t\t\t\t<\/div>\n\t\t<div class=\"elementor-element elementor-element-16b8415 e-flex e-con-boxed e-con e-parent\" data-id=\"16b8415\" data-element_type=\"container\" data-settings=\"{&quot;content_width&quot;:&quot;boxed&quot;}\" data-core-v316-plus=\"true\">\n\t\t\t\t\t<div class=\"e-con-inner\">\n\t\t<div class=\"elementor-element elementor-element-e36db55 e-con-full e-flex e-con e-child\" data-id=\"e36db55\" data-element_type=\"container\" data-settings=\"{&quot;content_width&quot;:&quot;full&quot;}\">\n\t\t\t\t<\/div>\n\t\t<div class=\"elementor-element elementor-element-b468412 e-con-full e-flex e-con e-child\" data-id=\"b468412\" data-element_type=\"container\" data-settings=\"{&quot;content_width&quot;:&quot;full&quot;}\">\n\t\t\t\t<div class=\"elementor-element elementor-element-9ade48a elementor-widget elementor-widget-text-editor\" data-id=\"9ade48a\" data-element_type=\"widget\" data-widget_type=\"text-editor.default\">\n\t\t\t\t<div class=\"elementor-widget-container\">\n\t\t\t<style>\/*! elementor - v3.18.0 - 08-12-2023 *\/\n.elementor-widget-text-editor.elementor-drop-cap-view-stacked .elementor-drop-cap{background-color:#69727d;color:#fff}.elementor-widget-text-editor.elementor-drop-cap-view-framed .elementor-drop-cap{color:#69727d;border:3px solid;background-color:transparent}.elementor-widget-text-editor:not(.elementor-drop-cap-view-default) .elementor-drop-cap{margin-top:8px}.elementor-widget-text-editor:not(.elementor-drop-cap-view-default) .elementor-drop-cap-letter{width:1em;height:1em}.elementor-widget-text-editor .elementor-drop-cap{float:left;text-align:center;line-height:1;font-size:50px}.elementor-widget-text-editor .elementor-drop-cap-letter{display:inline-block}<\/style>\t\t\t\t<h2><strong>Cookie Policy<\/strong><\/h2>\n<p>La presente policy ha la scopo di descrivere le modalita operative in riferimento all\u2019utilizzo dei cookie e ad eventuali strumenti di tracciamento utilizzati per il trattamento di informazioni personali dei vitatori che consultano<\/p>\n<ul>\n<li><a href=\"http:\/\/www.neodatagroup.com\">neodatagroup.ai<\/a><\/li>\n<\/ul>\n<p>di seguito identificato come \u201cSito\u201d di cui titolare \u00e8 Neodata Group s.p.a.<\/p>\n<h2><strong>Titola del trattamento e DPO<\/strong><\/h2>\n<p>Il titolare del trattamento \u00e9 Neodata Group s.p.a.&nbsp; (di seguito Neodata) con sede legale in&nbsp;<span style=\"color: var( --e-global-color-text ); font-family: var( --e-global-typography-text-font-family ), Sans-serif; font-size: var( --e-global-typography-text-font-size ); font-weight: var( --e-global-typography-text-font-weight ); text-align: var(--text-align);\">Catania Via Guglielmo Oberdan 141, 95129,&nbsp;<\/span><span style=\"color: var( --e-global-color-text ); font-family: var( --e-global-typography-text-font-family ), Sans-serif; font-size: var( --e-global-typography-text-font-size ); font-weight: var( --e-global-typography-text-font-weight ); text-align: var(--text-align);\">con relativa nomina del Data protection Officer (DPO) a cui si pu\u00f2 fare riferimento per tutte le questioni inerenti il trattamento dei tuoi dati e sull\u2019esercizio dei diritti previsto dal GDPR utilizzando i seguenti contatti:<\/span><\/p>\n<ul>\n<li><a href=\"mailto:dpo@neodatagroup.ai\">dpo@neodatagroup.ai<\/a><\/li>\n<li><a href=\"mailto:privacy@neodatagroup.ai\">privacy@neodatagroup.ai<\/a><\/li>\n<\/ul>\n<h2><strong>Dati Personali in oggetto del trattamento<\/strong><\/h2>\n<p>Attraverso la navigazione del sito e le form di inserimento dei dati preposti il sito pu\u00f2 acquisire tue informazioni personali che utilizzano i protocolli di comunicazione previsti nella navigazione di internet. I dati personali trattabili dal sito non sempre sono riferibili a soggetti identificati o identificabili ma possono contenere informazioni che attraverso elaborazioni posso identificare l\u2019interessato. In questa categoria rientrano gli indirizzi IP come altri dati che potrebbero identificare il terminale utilizzato per accedere ai servizi. Queste informazioni vengono utilizzati sono per finalit\u00e0 statistiche e per la misurazione delle prestazioni per l\u2019accesso ai servizi esposti dal sito e per tracciare eventuali abusi o reati informatici. Tali dati sono convervati da Neodata per il periodo necessario a svolgere le finalit\u00e0 del trattamento.Per maggiori informazioni vedi <a href=\"https:\/\/neodatagroup.ai\/it\/privacypolicy-it\/\">privacy Policy<\/a>.<\/p>\n<h2><strong>Dati forniti volontariamente dagli utenti\/visitatori<\/strong><\/h2>\n<p>Qualora gli utenti\/visitatori, collegandosi a questo sito, inviino propri dati personali per accedere a determinati servizi, ovvero per effettuare richieste in posta elettronica o compilando web form, ci\u00f2 comporta l\u2019acquisizione da parte di Neodata di eventuali dati personali che verranno trattati esclusivamente per rispondere alla richiesta, ovvero per la fornitura del servizio.<\/p>\n<p>I dati personali forniti dagli utenti\/visitatori verranno comunicati a terzi solo nel caso in cui la comunicazione sia necessaria per ottemperare alle richieste degli utenti\/visitatori medesimi.<\/p>\n<h2><strong>Cosa sono i cookie, i web beacon e tecnologie similari<\/strong><\/h2>\n<p>All\u2019interno dei nostri servizi, usiamo file di dati di piccole dimensioni, che vengono salvati sul tuo device (&#8220;dispositivo&#8221;) per registrare determinati dati ogni volta che accedi o interagisci con i nostri servizi.<br>I nomi e i tipi specifici di cookie, web beacon e altre tecnologie similari usati possono cambiare nel tempo. Per aiutarti a comprendere meglio le regole di Neodata e l&#8217;uso di tali tecnologie, di seguito sono riportati alcuni termini con le relative definizioni.<\/p>\n<p>Cookie: stringhe di testo che i siti web (cd. Editori, o \u201cprime parti\u201d), visitati dall\u2019utente oppure siti o web server diversi (cd. \u201cterze parti\u201d), posizionano ed archiviano all\u2019interno di un dispositivo terminale nella disponibilit\u00e0 dell\u2019utente medesimo. I terminali cui ci si riferisce sono, ad esempio, un computer, un tablet, uno smartphone o ogni altro dispositivo in grado di archiviare informazioni, tra cui anche i cd. dispositivi IoT (Internet of Things, o Internet delle cose).<br>I cookie consentono a un sito di riconoscere un particolare dispositivo o browser. I cookie possono essere disattivati o rimossi usando gli strumenti disponibili nella maggior parte dei browser e\/o quelli messi a disposizione dal Titolare (es. Consent Management Platform). Le preferenze relative ai cookie devono essere impostate separatamente per ciascun browser usato, poich\u00e9 ognuno di essi pu\u00f2 offrire funzionalit\u00e0 e opzioni specifiche.<\/p>\n<p>Esistono diversi tipi di cookie:<\/p>\n<ol>\n<li><strong> cookie tecnici<\/strong>: servono a effettuare la navigazione o a fornire un servizio richiesto dall\u2019utente. Senza il ricorso a tali cookie, alcune operazioni non potrebbero essere compiute o sarebbero pi\u00f9 complesse e\/o meno sicure. Essi possono essere permanenti o temporanei ed essere usati per archiviare informazioni che verranno riutilizzate alla successiva visita del sito;<\/li>\n<li><strong> cookie di profilazione<\/strong>: sono volti a creare profili relativi all\u2019utente e vengono utilizzati al fine di inviare messaggi o comunicazioni pubblicitarie in linea con le preferenze espresse dallo stesso, nell\u2019ambito della navigazione online;<\/li>\n<li><strong> cookie di terze parti<\/strong>: sono installati da un sito diverso da quello che si sta visitando. Questi cookie sono inviati al browser dell\u2019utente da societ\u00e0 terze per finalit\u00e0 proprie come la profilazione, l\u2019erogazione pubblicitaria oppure l\u2019interazione social.<\/li>\n<\/ol>\n<p><strong>&nbsp;<\/strong><\/p>\n<p><strong>Web beacon<\/strong>: frammenti di codice che consentono a un sito web di trasferire o raccogliere informazioni attraverso la richiesta di un&#8217;immagine grafica; possono essere utilizzati per diversi fini, quali l&#8217;analisi dell&#8217;uso dei siti web, attivit\u00e0 di controllo e reportistica sulle pubblicit\u00e0 e la personalizzazione di pubblicit\u00e0 e contenuti.<\/p>\n<p><strong>Tecnologie similari<\/strong>: tecnologie che archiviano dati nel browser o dispositivo usando oggetti condivisi a livello locale o archiviazione locale, quali cookie flash, cookie HTML 5 e altri metodi software per applicazioni web. Queste tecnologie funzionano in tutti i browser. In alcuni casi, l&#8217;uso dell&#8217;archiviazione locale non pu\u00f2 essere pienamente gestito dai browser, ma richiede la gestione tramite strumenti specifici.<\/p>\n<p><\/p>\n<p>&nbsp;Puoi autorizzare, bloccare o cancellare (in tutto o in parte) i cookie attraverso le specifiche funzioni del tuo Browser. Per avere maggiori informazioni su come impostare le preferenze sull&#8217;uso dei cookie attraverso il Browser, \u00e8 possibile consultare le relative istruzioni:<br><a href=\"http:\/\/support.mozilla.org\/it\/kb\/Eliminare%20i%20cookie\"><strong>Firefox<\/strong><\/a><br><a href=\"https:\/\/support.google.com\/chrome\/answer\/95647?hl=it\"><strong>Chrome<\/strong><\/a><br><a href=\"http:\/\/www.opera.com\/help\/tutorials\/security\/privacy\/\"><strong>Opera<\/strong><\/a><br><a href=\"https:\/\/support.apple.com\/it-it\/HT201265\"><strong>Safari<\/strong><\/a><br><a href=\"http:\/\/windows.microsoft.com\/it-it\/internet-explorer\/delete-manage-cookies#ie=ie-10\"><strong>Internet Explorer<\/strong><\/a><\/p>\n<p><\/p>\n<h3><strong>Consenso all&#8217;utilizzo dei cookie<\/strong><\/h3>\n<p>L\u2019utilizzo dei cookie \u00e8 basato sul consenso dell\u2019utente. E possibile effettuare 3 diverse scelte<\/p>\n<ul>\n<li>Il click sul tasto &#8220;accetta\u201d, che equivale al consenso all&#8217;utilizzo dei cookie, cos\u00ec come indicato nell&#8217;informativa breve;<\/li>\n<li>Il click sul tasto \u201ccontinua senza accettare\u201d, che comporta la prosecuzione dell\u2019utilizzo del servizio solo con cookie tecnici, senza accettare i cookie di profilazione;<\/li>\n<li>Il click sul tasto \u201cpreferenze\u201d, che ti fornisce la possibilit\u00e0 di gestire liberamente le preferenze.<\/li>\n<\/ul>\t\t\t\t\t\t<\/div>\n\t\t\t\t<\/div>\n\t\t\t\t<\/div>\n\t\t<div class=\"elementor-element elementor-element-197d10c e-con-full e-flex e-con e-child\" data-id=\"197d10c\" data-element_type=\"container\" data-settings=\"{&quot;content_width&quot;:&quot;full&quot;}\">\n\t\t\t\t<\/div>\n\t\t\t\t\t<\/div>\n\t\t\t\t<\/div>\n\t\t<div class=\"elementor-element elementor-element-dfdaff7 e-flex e-con-boxed e-con e-parent\" data-id=\"dfdaff7\" data-element_type=\"container\" data-settings=\"{&quot;content_width&quot;:&quot;boxed&quot;}\" data-core-v316-plus=\"true\">\n\t\t\t\t\t<div class=\"e-con-inner\">\n\t\t\t\t<div class=\"elementor-element elementor-element-ba1d29f elementor-widget elementor-widget-spacer\" data-id=\"ba1d29f\" data-element_type=\"widget\" data-widget_type=\"spacer.default\">\n\t\t\t\t<div class=\"elementor-widget-container\">\n\t\t\t\t\t<div class=\"elementor-spacer\">\n\t\t\t<div class=\"elementor-spacer-inner\"><\/div>\n\t\t<\/div>\n\t\t\t\t<\/div>\n\t\t\t\t<\/div>\n\t\t\t\t\t<\/div>\n\t\t\t\t<\/div>\n\t\t<div class=\"elementor-element elementor-element-18ed0c7 e-flex e-con-boxed e-con e-parent\" data-id=\"18ed0c7\" data-element_type=\"container\" data-settings=\"{&quot;content_width&quot;:&quot;boxed&quot;}\" data-core-v316-plus=\"true\">\n\t\t\t\t\t<div class=\"e-con-inner\">\n\t\t\t\t<div class=\"elementor-element elementor-element-173bbca elementor-widget elementor-widget-spacer\" data-id=\"173bbca\" data-element_type=\"widget\" data-widget_type=\"spacer.default\">\n\t\t\t\t<div class=\"elementor-widget-container\">\n\t\t\t\t\t<div class=\"elementor-spacer\">\n\t\t\t<div class=\"elementor-spacer-inner\"><\/div>\n\t\t<\/div>\n\t\t\t\t<\/div>\n\t\t\t\t<\/div>\n\t\t\t\t\t<\/div>\n\t\t\t\t<\/div>\n\t\t\t\t\t\t\t<\/div>","protected":false},"excerpt":{"rendered":"<p>Cookie Policy La presente policy ha la scopo di descrivere le modalita operative in riferimento all\u2019utilizzo dei cookie e ad eventuali strumenti di tracciamento utilizzati per il trattamento di informazioni personali dei vitatori che consultano neodatagroup.ai di seguito identificato come \u201cSito\u201d di cui titolare \u00e8 Neodata Group s.p.a. Titola del trattamento e DPO Il titolare [&hellip;]<\/p>","protected":false},"author":7,"featured_media":0,"parent":0,"menu_order":0,"comment_status":"closed","ping_status":"closed","template":"","meta":{"footnotes":""},"acf":[],"yoast_head":"<!-- This site is optimized with the Yoast SEO plugin v21.9.1 - https:\/\/yoast.com\/wordpress\/plugins\/seo\/ -->\n<title>Cookie Politcy - IT - Neodata<\/title>\n<meta name=\"robots\" content=\"index, follow, max-snippet:-1, max-image-preview:large, max-video-preview:-1\" \/>\n<link rel=\"canonical\" href=\"https:\/\/neodatagroup.ai\/it\/cookie-it\/\" \/>\n<meta property=\"og:locale\" content=\"it_IT\" \/>\n<meta property=\"og:type\" content=\"article\" \/>\n<meta property=\"og:title\" content=\"Cookie Politcy - IT - Neodata\" \/>\n<meta property=\"og:description\" content=\"Cookie Policy La presente policy ha la scopo di descrivere le modalita operative in riferimento all\u2019utilizzo dei cookie e ad eventuali strumenti di tracciamento utilizzati per il trattamento di informazioni personali dei vitatori che consultano neodatagroup.ai di seguito identificato come \u201cSito\u201d di cui titolare \u00e8 Neodata Group s.p.a. Titola del trattamento e DPO Il titolare [&hellip;]\" \/>\n<meta property=\"og:url\" content=\"https:\/\/neodatagroup.ai\/it\/cookie-it\/\" \/>\n<meta property=\"og:site_name\" content=\"Neodata\" \/>\n<meta property=\"article:modified_time\" content=\"2025-03-03T08:43:16+00:00\" \/>\n<meta name=\"twitter:card\" content=\"summary_large_image\" \/>\n<meta name=\"twitter:label1\" content=\"Tempo di lettura stimato\" \/>\n\t<meta name=\"twitter:data1\" content=\"5 minuti\" \/>\n<script type=\"application\/ld+json\" class=\"yoast-schema-graph\">{\"@context\":\"https:\/\/schema.org\",\"@graph\":[{\"@type\":\"WebPage\",\"@id\":\"https:\/\/neodatagroup.ai\/cookie-it\/\",\"url\":\"https:\/\/neodatagroup.ai\/cookie-it\/\",\"name\":\"Cookie Politcy - IT - Neodata\",\"isPartOf\":{\"@id\":\"https:\/\/neodatagroup.ai\/#website\"},\"datePublished\":\"2023-12-22T20:14:06+00:00\",\"dateModified\":\"2025-03-03T08:43:16+00:00\",\"breadcrumb\":{\"@id\":\"https:\/\/neodatagroup.ai\/cookie-it\/#breadcrumb\"},\"inLanguage\":\"it-IT\",\"potentialAction\":[{\"@type\":\"ReadAction\",\"target\":[\"https:\/\/neodatagroup.ai\/cookie-it\/\"]}]},{\"@type\":\"BreadcrumbList\",\"@id\":\"https:\/\/neodatagroup.ai\/cookie-it\/#breadcrumb\",\"itemListElement\":[{\"@type\":\"ListItem\",\"position\":1,\"name\":\"Home\",\"item\":\"https:\/\/neodatagroup.ai\/\"},{\"@type\":\"ListItem\",\"position\":2,\"name\":\"Cookie Politcy &#8211; IT\"}]},{\"@type\":\"WebSite\",\"@id\":\"https:\/\/neodatagroup.ai\/#website\",\"url\":\"https:\/\/neodatagroup.ai\/\",\"name\":\"Neodata\",\"description\":\"\",\"publisher\":{\"@id\":\"https:\/\/neodatagroup.ai\/#organization\"},\"potentialAction\":[{\"@type\":\"SearchAction\",\"target\":{\"@type\":\"EntryPoint\",\"urlTemplate\":\"https:\/\/neodatagroup.ai\/?s={search_term_string}\"},\"query-input\":\"required name=search_term_string\"}],\"inLanguage\":\"it-IT\"},{\"@type\":\"Organization\",\"@id\":\"https:\/\/neodatagroup.ai\/#organization\",\"name\":\"Neodata\",\"url\":\"https:\/\/neodatagroup.ai\/\",\"logo\":{\"@type\":\"ImageObject\",\"inLanguage\":\"it-IT\",\"@id\":\"https:\/\/neodatagroup.ai\/#\/schema\/logo\/image\/\",\"url\":\"https:\/\/neodatagroup.ai\/wp-content\/uploads\/2023\/10\/NEODATA_FAVICON.png\",\"contentUrl\":\"https:\/\/neodatagroup.ai\/wp-content\/uploads\/2023\/10\/NEODATA_FAVICON.png\",\"width\":512,\"height\":521,\"caption\":\"Neodata\"},\"image\":{\"@id\":\"https:\/\/neodatagroup.ai\/#\/schema\/logo\/image\/\"}}]}<\/script>\n<!-- \/ Yoast SEO plugin. -->","yoast_head_json":{"title":"Cookie Politcy - IT - Neodata","robots":{"index":"index","follow":"follow","max-snippet":"max-snippet:-1","max-image-preview":"max-image-preview:large","max-video-preview":"max-video-preview:-1"},"canonical":"https:\/\/neodatagroup.ai\/it\/cookie-it\/","og_locale":"it_IT","og_type":"article","og_title":"Cookie Politcy - IT - Neodata","og_description":"Cookie Policy La presente policy ha la scopo di descrivere le modalita operative in riferimento all\u2019utilizzo dei cookie e ad eventuali strumenti di tracciamento utilizzati per il trattamento di informazioni personali dei vitatori che consultano neodatagroup.ai di seguito identificato come \u201cSito\u201d di cui titolare \u00e8 Neodata Group s.p.a. Titola del trattamento e DPO Il titolare [&hellip;]","og_url":"https:\/\/neodatagroup.ai\/it\/cookie-it\/","og_site_name":"Neodata","article_modified_time":"2025-03-03T08:43:16+00:00","twitter_card":"summary_large_image","twitter_misc":{"Tempo di lettura stimato":"5 minuti"},"schema":{"@context":"https:\/\/schema.org","@graph":[{"@type":"WebPage","@id":"https:\/\/neodatagroup.ai\/cookie-it\/","url":"https:\/\/neodatagroup.ai\/cookie-it\/","name":"Cookie Politcy - IT - Neodata","isPartOf":{"@id":"https:\/\/neodatagroup.ai\/#website"},"datePublished":"2023-12-22T20:14:06+00:00","dateModified":"2025-03-03T08:43:16+00:00","breadcrumb":{"@id":"https:\/\/neodatagroup.ai\/cookie-it\/#breadcrumb"},"inLanguage":"it-IT","potentialAction":[{"@type":"ReadAction","target":["https:\/\/neodatagroup.ai\/cookie-it\/"]}]},{"@type":"BreadcrumbList","@id":"https:\/\/neodatagroup.ai\/cookie-it\/#breadcrumb","itemListElement":[{"@type":"ListItem","position":1,"name":"Home","item":"https:\/\/neodatagroup.ai\/"},{"@type":"ListItem","position":2,"name":"Cookie Politcy &#8211; IT"}]},{"@type":"WebSite","@id":"https:\/\/neodatagroup.ai\/#website","url":"https:\/\/neodatagroup.ai\/","name":"Neodata","description":"","publisher":{"@id":"https:\/\/neodatagroup.ai\/#organization"},"potentialAction":[{"@type":"SearchAction","target":{"@type":"EntryPoint","urlTemplate":"https:\/\/neodatagroup.ai\/?s={search_term_string}"},"query-input":"required name=search_term_string"}],"inLanguage":"it-IT"},{"@type":"Organization","@id":"https:\/\/neodatagroup.ai\/#organization","name":"Neodata","url":"https:\/\/neodatagroup.ai\/","logo":{"@type":"ImageObject","inLanguage":"it-IT","@id":"https:\/\/neodatagroup.ai\/#\/schema\/logo\/image\/","url":"https:\/\/neodatagroup.ai\/wp-content\/uploads\/2023\/10\/NEODATA_FAVICON.png","contentUrl":"https:\/\/neodatagroup.ai\/wp-content\/uploads\/2023\/10\/NEODATA_FAVICON.png","width":512,"height":521,"caption":"Neodata"},"image":{"@id":"https:\/\/neodatagroup.ai\/#\/schema\/logo\/image\/"}}]}},"_links":{"self":[{"href":"https:\/\/neodatagroup.ai\/it\/wp-json\/wp\/v2\/pages\/5149"}],"collection":[{"href":"https:\/\/neodatagroup.ai\/it\/wp-json\/wp\/v2\/pages"}],"about":[{"href":"https:\/\/neodatagroup.ai\/it\/wp-json\/wp\/v2\/types\/page"}],"author":[{"embeddable":true,"href":"https:\/\/neodatagroup.ai\/it\/wp-json\/wp\/v2\/users\/7"}],"replies":[{"embeddable":true,"href":"https:\/\/neodatagroup.ai\/it\/wp-json\/wp\/v2\/comments?post=5149"}],"version-history":[{"count":16,"href":"https:\/\/neodatagroup.ai\/it\/wp-json\/wp\/v2\/pages\/5149\/revisions"}],"predecessor-version":[{"id":10472,"href":"https:\/\/neodatagroup.ai\/it\/wp-json\/wp\/v2\/pages\/5149\/revisions\/10472"}],"wp:attachment":[{"href":"https:\/\/neodatagroup.ai\/it\/wp-json\/wp\/v2\/media?parent=5149"}],"curies":[{"name":"wp","href":"https:\/\/api.w.org\/{rel}","templated":true}]}}